{"id":775,"date":"2016-04-14T09:41:12","date_gmt":"2016-04-14T09:41:12","guid":{"rendered":"http:\/\/wp.magnium-themes.com\/thebuilt\/thebuilt-onepage\/?page_id=775"},"modified":"2025-04-09T10:09:04","modified_gmt":"2025-04-09T13:09:04","slug":"smartmeter","status":"publish","type":"page","link":"https:\/\/usefulpercentage.com.br\/index.php\/smartmeter\/","title":{"rendered":"Smartmeter"},"content":{"rendered":"<section class=\"wpb-content-wrapper\"><p>[vc_row css=&#8221;.vc_custom_1678801588807{background-color: #f5f5f5 !important;}&#8221;][vc_column width=&#8221;1\/2&#8243; css=&#8221;.vc_custom_1460641256688{margin-right: 0px !important;padding-right: 0px !important;}&#8221;]<style scoped='scoped'>.mgt-promo-block-36261014417.mgt-promo-block .mgt-promo-block-content h2 {font-size: 30px;line-height: normal!important;}<\/style><div class=\"mgt-promo-block black-text text-size-normal no-darken mgt-promo-block-36261014417 wpb_content_element wpb_animate_when_almost_visible wpb_left-to-right\" data-style=\"background-color: #f5f5f5;width: 100%; height: 400px;\"><div class=\"mgt-promo-block-content\"><div class=\"mgt-promo-block-content-inside vc_custom_1679059601795\">\n<h2 style=\"text-align: left\"><span style=\"color: #333333\">Medidor inteligente<\/span><\/h2>\n<p style=\"text-align: left\"><span style=\"color: #333333\">O Smartmeter \u00e9 um equipamento que torna o contador de energia num equipamento de medi\u00e7\u00e3o inteligente, dotando-o de comunica\u00e7\u00e3o remota. Esta tecnologia permite comunica\u00e7\u00e3o, um melhor apoio \u00e0 gest\u00e3o e fornecimento de energia.<\/span>\n<p style=\"text-align: left\"><span style=\"color: #333333\">Pode traduzir pacotes DLMS ou protocolo SNMP em NB-IoT criando uma ponte que permite a monitoriza\u00e7\u00e3o de dispositivos e gest\u00e3o de medidores nas mais adversas condi\u00e7\u00f5es de conex\u00e3o (at\u00e9 -125dBm).<\/span>\n<div class=\"mgt-button-wrapper mgt-button-wrapper-align-left mgt-button-wrapper-display-newline mgt-button-top-margin-disable\"><a class=\"btn hvr-bounce-to-right mgt-button mgt-style-solid mgt-size-normal mgt-align-left mgt-display-newline mgt-text-size-normal mgt-button-icon-position-left mgt-text-transform-uppercase \" href=\"http:\/\/wp.magnium-themes.com\/thebuilt\/thebuilt-onepage\/get-a-quote\/\">Get a quote<\/a><\/div><\/div><\/div><\/div>[\/vc_column][vc_column width=&#8221;1\/2&#8243; css=&#8221;.vc_custom_1460641327282{margin-left: 0px !important;padding-left: 0px !important;}&#8221;][vc_single_image image=&#8221;3616&#8243; img_size=&#8221;300&#215;396&#8243; alignment=&#8221;center&#8221; css_animation=&#8221;bounceInRight&#8221; css=&#8221;.vc_custom_1681823373552{padding-top: 20px !important;}&#8221;][\/vc_column][\/vc_row][vc_row][vc_column][vc_empty_space height=&#8221;30px&#8221;][\/vc_column][\/vc_row][vc_row][vc_column]<div class=\"mgt-header-block clearfix text-left text-black wpb_animate_when_almost_visible wpb_left-to-right wpb_content_element  mgt-header-block-style-1 mgt-header-texttransform-none  vc_custom_1679059626216\"><h3 class=\"mgt-header-block-title\">Benef\u00edcios para a sua cidade<\/h3><div class=\"mgt-header-line\"><\/div><\/div>[vc_column_text css_animation=&#8221;bounceInLeft&#8221;]<span style=\"color: #333333;\">Canal de comunica\u00e7\u00e3o bidirecional<\/span><br \/>\n<span style=\"color: #333333;\">Monitoriza\u00e7\u00e3o remota de leituras<\/span><br \/>\n<span style=\"color: #333333;\">Altera\u00e7\u00e3o remota de pot\u00eancia<\/span><br \/>\n<span style=\"color: #333333;\">Configura\u00e7\u00e3o remota de pot\u00eancia<\/span><br \/>\n<span style=\"color: #333333;\">Ativa\u00e7\u00e3o e desativa\u00e7\u00e3o da liga\u00e7\u00e3o<\/span><br \/>\n<span style=\"color: #333333;\">Dete\u00e7\u00e3o e comunica\u00e7\u00e3o de anomalias na alimenta\u00e7\u00e3o<\/span>[\/vc_column_text][\/vc_column][\/vc_row][vc_row][vc_column][vc_separator][\/vc_column][\/vc_row][vc_row][vc_column width=&#8221;1\/2&#8243;]<div class=\"mgt-header-block clearfix text-left text-black wpb_animate_when_almost_visible wpb_left-to-right wpb_content_element  mgt-header-block-style-1 mgt-header-texttransform-none  vc_custom_1679059648804\"><h3 class=\"mgt-header-block-title\">Principais caracter\u00edsticas<\/h3><div class=\"mgt-header-line\"><\/div><\/div>[vc_column_text css_animation=&#8221;bounceInLeft&#8221;]<\/p>\n<ul>\n<li><span style=\"color: #333333;\">Pode ser usado como interface para qualquer medidor com RS-485 dispon\u00edvel no mercado<\/span><\/li>\n<li><span style=\"color: #333333;\">O protocolo de leitura est\u00e1 de acordo com o padr\u00e3o IEC 62056-21<\/span><\/li>\n<li><span style=\"color: #333333;\">Tamanho pequeno<\/span><\/li>\n<li><span style=\"color: #333333;\">Pode usar antena externa<\/span><\/li>\n<li><span style=\"color: #333333;\">Expans\u00e3o BLE e Wi-Fi poss\u00edvel<\/span><\/li>\n<\/ul>\n<p>[\/vc_column_text][\/vc_column][vc_column width=&#8221;1\/2&#8243;][vc_single_image image=&#8221;3459&#8243; img_size=&#8221;400&#215;341&#8243; css_animation=&#8221;bounceInRight&#8221;][\/vc_column][\/vc_row][vc_row][vc_column]<div class=\"mgt-header-block clearfix text-left text-black wpb_content_element  mgt-header-block-style-1 mgt-header-texttransform-none \"><h3 class=\"mgt-header-block-title\">Inclu\u00eddo (mas n\u00e3o limitado):<\/h3><div class=\"mgt-header-line\"><\/div><\/div>[\/vc_column][\/vc_row][vc_row][vc_column width=&#8221;1\/3&#8243;][vc_single_image image=&#8221;3616&#8243; img_size=&#8221;300&#215;396&#8243; css_animation=&#8221;zoomIn&#8221;][\/vc_column][vc_column width=&#8221;1\/3&#8243;][vc_column_text css_animation=&#8221;bounceInDown&#8221;]<\/p>\n<ul>\n<li style=\"text-align: left;\"><span style=\"color: #333333;\">Executar leitura de dados IEC<\/span><\/li>\n<li style=\"text-align: left;\"><span style=\"color: #333333;\">Ler e definir ID1s e ID2s<\/span><\/li>\n<li style=\"text-align: left;\"><span style=\"color: #333333;\">Ler ID de parametriza\u00e7\u00e3o<\/span><\/li>\n<li style=\"text-align: left;\"><span style=\"color: #333333;\">Ler e definir o endere\u00e7o do dispositivo IEC<\/span><\/li>\n<li style=\"text-align: left;\"><span style=\"color: #333333;\">Ler e definir a taxa de transmiss\u00e3o da interface \u00f3ptica<\/span><\/li>\n<li style=\"text-align: left;\"><span style=\"color: #333333;\">Ler e definir a taxa de transmiss\u00e3o da interface el\u00e9trica<\/span><\/li>\n<li style=\"text-align: left;\"><span style=\"color: #333333;\">Ler e definir as configura\u00e7\u00f5es de sa\u00edda de pulso<\/span><\/li>\n<li style=\"text-align: left;\"><span style=\"color: #333333;\">Ler e definir lista de recupera\u00e7\u00e3o do LCD<\/span><\/li>\n<li style=\"text-align: left;\"><span style=\"color: #333333;\">Ler e definir lista de servi\u00e7os do LCD<\/span><\/li>\n<li style=\"text-align: left;\"><span style=\"color: #333333;\">Ler e definir a lista de leitura<\/span><\/li>\n<\/ul>\n<p>[\/vc_column_text][\/vc_column][vc_column width=&#8221;1\/3&#8243;][vc_column_text css_animation=&#8221;bounceInUp&#8221;]<\/p>\n<ul>\n<li style=\"text-align: left;\"><span style=\"color: #333333;\">Ler e definir lista de exibi\u00e7\u00e3o sem energia<\/span><\/li>\n<li style=\"text-align: left;\"><span style=\"color: #333333;\">Definir troca de taxa<\/span><\/li>\n<li style=\"text-align: left;\"><span style=\"color: #333333;\">Definir palavras-passe<\/span><\/li>\n<li style=\"text-align: left;\"><span style=\"color: #333333;\">Definir resolu\u00e7\u00e3o de registro<\/span><\/li>\n<li style=\"text-align: left;\"><span style=\"color: #333333;\">Redefinir faturamento\/per\u00edodo MD<\/span><\/li>\n<li style=\"text-align: left;\"><span style=\"color: #333333;\">Ativar\/Desativar o modo de teste<\/span><\/li>\n<li style=\"text-align: left;\"><span style=\"color: #333333;\">Redefinir Energia e Demandar registros<\/span><\/li>\n<li style=\"text-align: left;\"><span style=\"color: #333333;\">Redefinir registro de erro<\/span><\/li>\n<li style=\"text-align: left;\"><span style=\"color: #333333;\">Redefinir sinalizadores de viola\u00e7\u00e3o<\/span><\/li>\n<li style=\"text-align: left;\"><span style=\"color: #333333;\">Redefinir detec\u00e7\u00e3o de fraude<\/span><\/li>\n<\/ul>\n<p>[\/vc_column_text][\/vc_column][\/vc_row][vc_row][vc_column][vc_single_image image=&#8221;3485&#8243; img_size=&#8221;1200&#215;210&#8243; alignment=&#8221;center&#8221; css_animation=&#8221;bounceIn&#8221;][\/vc_column][\/vc_row][vc_row][vc_column width=&#8221;1\/3&#8243;]<div class=\"mgt-header-block clearfix text-left text-black wpb_content_element  mgt-header-block-style-1 mgt-header-texttransform-none \"><h5 class=\"mgt-header-block-title\">Desenho t\u00e9cnico<\/h5><div class=\"mgt-header-line\"><\/div><\/div>[vc_single_image image=&#8221;3491&#8243; img_size=&#8221;163&#215;500&#8243; alignment=&#8221;center&#8221; css_animation=&#8221;bounceIn&#8221;][\/vc_column][vc_column width=&#8221;2\/3&#8243;]<div class=\"mgt-header-block clearfix text-left text-black wpb_animate_when_almost_visible wpb_right-to-left wpb_content_element  mgt-header-block-style-1 mgt-header-texttransform-none \"><h5 class=\"mgt-header-block-title\">Caracter\u00edsticas t\u00e9cnicas<\/h5><div class=\"mgt-header-line\"><\/div><\/div>[vc_column_text css_animation=&#8221;bounceInRight&#8221;]<\/p>\n<ul>\n<li><span style=\"color: #333333;\"><strong>Processador:<\/strong> Dual-Core low power 32 bit<\/span><\/li>\n<li><span style=\"color: #333333;\"><strong>Tens\u00e3o de entrada:<\/strong> 5 VDC<\/span><\/li>\n<li><span style=\"color: #333333;\"><strong>Corrente de entrada:<\/strong> 150 mA<\/span><\/li>\n<li><span style=\"color: #333333;\"><strong>Antena:<\/strong> Antena Celular Flex\u00edvel (824MHz-2170MHz)<\/span><\/li>\n<li><span style=\"color: #333333;\"><strong>Cart\u00e3o SIM:<\/strong> MicroSIM push card<\/span><\/li>\n<li><span style=\"color: #333333;\"><strong>Comunica\u00e7\u00e3o:<\/strong> LTE Cat NB1 (NB-IoT)<\/span><\/li>\n<li><span style=\"color: #333333;\"><strong>RTCC:<\/strong> Calend\u00e1rio e rel\u00f3gio em tempo real<\/span><\/li>\n<li><span style=\"color: #333333;\"><strong>Temperatura de funcionamento:<\/strong> -20\u00b0C ~ 50\u00b0C<\/span><\/li>\n<li><span style=\"color: #333333;\"><strong>Garantia:<\/strong> 2 anos<\/span><\/li>\n<li><span style=\"color: #333333;\"><strong>Material:<\/strong> Pl\u00e1stico<\/span><\/li>\n<li><span style=\"color: #333333;\"><strong>Dimens\u00f5es:<\/strong> 30 x 80 x 20 mm<\/span><\/li>\n<li><span style=\"color: #333333;\"><strong>Comunica\u00e7\u00e3o:<\/strong> RS485<\/span><\/li>\n<li><span style=\"color: #333333;\"><strong>Outras comunica\u00e7\u00f5es (opcionais):<\/strong> Bluetooth 4.0; Wi-Fi<\/span><\/li>\n<li><span style=\"color: #333333;\"><strong>Certifica\u00e7\u00f5es:<\/strong> EN 301489-1:2016; EN 301489-17:2016;<\/span><br \/>\n<span style=\"color: #333333;\">EN 50470-1:2006\/A1:2018; EN 55032:2015;<\/span><br \/>\n<span style=\"color: #333333;\">EN 61000-4-2:2009; EN 61000-4-3:2006 + A1:2008 + A2:2010<\/span><\/li>\n<\/ul>\n<p>[\/vc_column_text][\/vc_column][\/vc_row]<\/p>\n<\/section>","protected":false},"excerpt":{"rendered":"<p>[vc_row css=&#8221;.vc_custom_1678801588807{background-color: #f5f5f5 !important;}&#8221;][vc_column width=&#8221;1\/2&#8243; css=&#8221;.vc_custom_1460641256688{margin-right: 0px !important;padding-right: 0px !important;}&#8221;][\/vc_column][vc_column width=&#8221;1\/2&#8243; css=&#8221;.vc_custom_1460641327282{margin-left: 0px !important;padding-left: 0px !important;}&#8221;][vc_single_image image=&#8221;3616&#8243; img_size=&#8221;300&#215;396&#8243; alignment=&#8221;center&#8221; css_animation=&#8221;bounceInRight&#8221; css=&#8221;.vc_custom_1681823373552{padding-top: 20px !important;}&#8221;][\/vc_column][\/vc_row][vc_row][vc_column][vc_empty_space height=&#8221;30px&#8221;][\/vc_column][\/vc_row][vc_row][vc_column][vc_column_text css_animation=&#8221;bounceInLeft&#8221;]Canal de comunica\u00e7\u00e3o bidirecional Monitoriza\u00e7\u00e3o remota&#8230;<\/p>\n","protected":false},"author":1,"featured_media":0,"parent":0,"menu_order":0,"comment_status":"closed","ping_status":"closed","template":"","meta":{"two_page_speed":{"current_score":{"desktop_score":94,"desktop_tti":"1.5\u00a0","mobile_score":61,"mobile_tti":"8.0\u00a0","date":"09.04.2025 10:09:34 am","status":"completed"}},"footnotes":""},"class_list":["post-775","page","type-page","status-publish","hentry"],"_links":{"self":[{"href":"https:\/\/usefulpercentage.com.br\/index.php\/wp-json\/wp\/v2\/pages\/775","targetHints":{"allow":["GET"]}}],"collection":[{"href":"https:\/\/usefulpercentage.com.br\/index.php\/wp-json\/wp\/v2\/pages"}],"about":[{"href":"https:\/\/usefulpercentage.com.br\/index.php\/wp-json\/wp\/v2\/types\/page"}],"author":[{"embeddable":true,"href":"https:\/\/usefulpercentage.com.br\/index.php\/wp-json\/wp\/v2\/users\/1"}],"replies":[{"embeddable":true,"href":"https:\/\/usefulpercentage.com.br\/index.php\/wp-json\/wp\/v2\/comments?post=775"}],"version-history":[{"count":58,"href":"https:\/\/usefulpercentage.com.br\/index.php\/wp-json\/wp\/v2\/pages\/775\/revisions"}],"predecessor-version":[{"id":3617,"href":"https:\/\/usefulpercentage.com.br\/index.php\/wp-json\/wp\/v2\/pages\/775\/revisions\/3617"}],"wp:attachment":[{"href":"https:\/\/usefulpercentage.com.br\/index.php\/wp-json\/wp\/v2\/media?parent=775"}],"curies":[{"name":"wp","href":"https:\/\/api.w.org\/{rel}","templated":true}]}}