{"id":3601,"date":"2023-04-11T10:59:29","date_gmt":"2023-04-11T13:59:29","guid":{"rendered":"https:\/\/usefulpercentage.com.br\/?page_id=3601"},"modified":"2023-04-11T11:06:20","modified_gmt":"2023-04-11T14:06:20","slug":"servicos-profissionais","status":"publish","type":"page","link":"https:\/\/usefulpercentage.com.br\/index.php\/servicos-profissionais\/","title":{"rendered":"Servi\u00e7os Profissionais"},"content":{"rendered":"<section class=\"wpb-content-wrapper\"><p>[vc_row equal_height=&#8221;yes&#8221; css=&#8221;.vc_custom_1463480619661{margin-bottom: 10px !important;}&#8221;][vc_column width=&#8221;1\/3&#8243; css=&#8221;.vc_custom_1459186986556{margin-right: 0px !important;padding-right: 0px !important;}&#8221;][vc_single_image image=&#8221;3604&#8243; img_size=&#8221;1920&#215;1280&#8243;][\/vc_column][vc_column width=&#8221;2\/3&#8243; css=&#8221;.vc_custom_1459186959095{margin-left: 0px !important;padding-left: 0px !important;}&#8221;][vc_column_text css=&#8221;.vc_custom_1681221979231{margin-left: 40px !important;}&#8221;]A Useful disp\u00f5e de profissionais dedicados e com vasta experi\u00eancia para ajudar os nossos clientes a obter a melhor solu\u00e7\u00e3o que cumpra os requisitos, para a optimiza\u00e7\u00e3o das opera\u00e7\u00f5es das empresas, atrav\u00e9s da melhoria da qualidade dos sistemas de informa\u00e7\u00e3o, dados e resultados.<\/p>\n<p>Atrav\u00e9s da parceria com nossos clientes, entendemos completamente o neg\u00f3cio e ajudamos a atingir os objetivos das empresas, desenvolvendo, implementando e aprimorando sistemas e processos, para enfrentar desafios e oportunidades \u00fanicos[\/vc_column_text][\/vc_column][\/vc_row][vc_row][vc_column][vc_single_image image=&#8221;3603&#8243; img_size=&#8221;652&#215;273&#8243; alignment=&#8221;center&#8221;][\/vc_column][\/vc_row]<\/p>\n<\/section>","protected":false},"excerpt":{"rendered":"<p>[vc_row equal_height=&#8221;yes&#8221; css=&#8221;.vc_custom_1463480619661{margin-bottom: 10px !important;}&#8221;][vc_column width=&#8221;1\/3&#8243; css=&#8221;.vc_custom_1459186986556{margin-right: 0px !important;padding-right: 0px !important;}&#8221;][vc_single_image image=&#8221;3604&#8243; img_size=&#8221;1920&#215;1280&#8243;][\/vc_column][vc_column width=&#8221;2\/3&#8243; css=&#8221;.vc_custom_1459186959095{margin-left: 0px !important;padding-left: 0px !important;}&#8221;][vc_column_text css=&#8221;.vc_custom_1681221979231{margin-left: 40px !important;}&#8221;]A Useful disp\u00f5e de profissionais dedicados e com vasta&#8230;<\/p>\n","protected":false},"author":1,"featured_media":0,"parent":0,"menu_order":0,"comment_status":"closed","ping_status":"closed","template":"","meta":{"two_page_speed":[],"footnotes":""},"class_list":["post-3601","page","type-page","status-publish","hentry"],"_links":{"self":[{"href":"https:\/\/usefulpercentage.com.br\/index.php\/wp-json\/wp\/v2\/pages\/3601","targetHints":{"allow":["GET"]}}],"collection":[{"href":"https:\/\/usefulpercentage.com.br\/index.php\/wp-json\/wp\/v2\/pages"}],"about":[{"href":"https:\/\/usefulpercentage.com.br\/index.php\/wp-json\/wp\/v2\/types\/page"}],"author":[{"embeddable":true,"href":"https:\/\/usefulpercentage.com.br\/index.php\/wp-json\/wp\/v2\/users\/1"}],"replies":[{"embeddable":true,"href":"https:\/\/usefulpercentage.com.br\/index.php\/wp-json\/wp\/v2\/comments?post=3601"}],"version-history":[{"count":4,"href":"https:\/\/usefulpercentage.com.br\/index.php\/wp-json\/wp\/v2\/pages\/3601\/revisions"}],"predecessor-version":[{"id":3607,"href":"https:\/\/usefulpercentage.com.br\/index.php\/wp-json\/wp\/v2\/pages\/3601\/revisions\/3607"}],"wp:attachment":[{"href":"https:\/\/usefulpercentage.com.br\/index.php\/wp-json\/wp\/v2\/media?parent=3601"}],"curies":[{"name":"wp","href":"https:\/\/api.w.org\/{rel}","templated":true}]}}