{"id":3563,"date":"2023-04-05T14:08:53","date_gmt":"2023-04-05T17:08:53","guid":{"rendered":"https:\/\/usefulpercentage.com.br\/?page_id=3563"},"modified":"2025-04-09T10:09:27","modified_gmt":"2025-04-09T13:09:27","slug":"watermeter-v2","status":"publish","type":"page","link":"https:\/\/usefulpercentage.com.br\/index.php\/watermeter-v2\/","title":{"rendered":"Watermeter V2"},"content":{"rendered":"<section class=\"wpb-content-wrapper\"><p>[vc_row css=&#8221;.vc_custom_1678801588807{background-color: #f5f5f5 !important;}&#8221;][vc_column width=&#8221;1\/2&#8243; css=&#8221;.vc_custom_1460641256688{margin-right: 0px !important;padding-right: 0px !important;}&#8221;]<style scoped='scoped'>.mgt-promo-block-36261014417.mgt-promo-block .mgt-promo-block-content h2 {font-size: 30px;line-height: normal!important;}<\/style><div class=\"mgt-promo-block black-text text-size-normal no-darken mgt-promo-block-36261014417 wpb_content_element wpb_animate_when_almost_visible wpb_left-to-right\" data-style=\"background-color: #f5f5f5;width: 100%; height: 400px;\"><div class=\"mgt-promo-block-content\"><div class=\"mgt-promo-block-content-inside vc_custom_1680715805943\">\n<h2 style=\"text-align: left\"><span style=\"color: #333333\">Medidor inteligente<br \/>\n<\/span><\/h2>\n<p style=\"text-align: left\"><span style=\"color: #333333\">O setor da \u00e1gua enfrenta hoje grandes desafios na melhoria do atendimento ao cliente, no refor\u00e7o da sua resili\u00eancia, e no garantir da seguran\u00e7a no fornecimento.<\/span>\n<p style=\"text-align: left\"><span style=\"color: #333333\">Dotar o setor de distribui\u00e7\u00e3o de \u00e1gua do conhecimento real e confi\u00e1vel sobre os consumos, os h\u00e1bitos e indicadores de desempenho da atividade operacional, contribui diretamente para a melhoria da competitividade e sustentabilidade das empresas distribuidoras.v<\/span>\n<div class=\"mgt-button-wrapper mgt-button-wrapper-align-left mgt-button-wrapper-display-newline mgt-button-top-margin-disable\"><a class=\"btn hvr-bounce-to-right mgt-button mgt-style-solid mgt-size-normal mgt-align-left mgt-display-newline mgt-text-size-normal mgt-button-icon-position-left mgt-text-transform-uppercase \" href=\"http:\/\/wp.magnium-themes.com\/thebuilt\/thebuilt-onepage\/get-a-quote\/\">Get a quote<\/a><\/div><\/div><\/div><\/div>[\/vc_column][vc_column width=&#8221;1\/2&#8243; css=&#8221;.vc_custom_1460641327282{margin-left: 0px !important;padding-left: 0px !important;}&#8221;][vc_single_image image=&#8221;3566&#8243; img_size=&#8221;446&#215;257&#8243; alignment=&#8221;center&#8221; css_animation=&#8221;bounceInRight&#8221; css=&#8221;.vc_custom_1680715928915{padding-top: 20px !important;}&#8221;][\/vc_column][\/vc_row][vc_row][vc_column][vc_empty_space height=&#8221;30px&#8221;][\/vc_column][\/vc_row][vc_row][vc_column width=&#8221;1\/2&#8243;][vc_single_image image=&#8221;3567&#8243; img_size=&#8221;250&#215;250&#8243;][\/vc_column][vc_column width=&#8221;1\/2&#8243; css=&#8221;.vc_custom_1679062157231{margin-top: 100px !important;}&#8221;]<div class=\"mgt-header-block clearfix text-left text-black wpb_animate_when_almost_visible wpb_left-to-right wpb_content_element  mgt-header-block-style-1 mgt-header-texttransform-none  vc_custom_1680715943830\"><h3 class=\"mgt-header-block-title\">Aplica\u00e7\u00f5es<\/h3><div class=\"mgt-header-line\"><\/div><\/div>[vc_column_text css_animation=&#8221;bounceInLeft&#8221;]<span style=\"color: #333333;\">Destacamos como principais utilizadores os Fornecedores de Energia e \u00c1gua, Operadores das Cidades e outros Fornecedores de Servi\u00e7os.<\/span>[\/vc_column_text][\/vc_column][\/vc_row][vc_row][vc_column]<div class=\"mgt-header-block clearfix text-center text-black wpb_content_element  mgt-header-block-style-1 mgt-header-texttransform-none \"><h3 class=\"mgt-header-block-title\">Especifica\u00e7\u00f5es<\/h3><div class=\"mgt-header-line\"><\/div><\/div>[vc_single_image image=&#8221;3568&#8243; img_size=&#8221;700&#215;403&#8243;][\/vc_column][\/vc_row][vc_row css=&#8221;.vc_custom_1680705762544{margin-top: 50px !important;}&#8221;][vc_column width=&#8221;1\/3&#8243;][vc_column_text]<\/p>\n<h3 style=\"text-align: center;\"><strong>Dimens\u00f5es<\/strong><\/h3>\n<p>[\/vc_column_text][vc_column_text]<\/p>\n<p style=\"text-align: center;\">118,2 x 78,5 x 55 mm<\/p>\n<p>[\/vc_column_text][\/vc_column][vc_column width=&#8221;1\/3&#8243;][vc_column_text]<\/p>\n<h3 style=\"text-align: center;\"><strong>Bateria<\/strong><\/h3>\n<p>[\/vc_column_text][vc_column_text]<\/p>\n<p style=\"text-align: center;\">Pilha 3.6 V (tamanho D)<\/p>\n<p>[\/vc_column_text][\/vc_column][vc_column width=&#8221;1\/3&#8243;][vc_column_text]<\/p>\n<h3 style=\"text-align: center;\"><strong>Material da caixa<\/strong><\/h3>\n<p>[\/vc_column_text][vc_column_text]<\/p>\n<p style=\"text-align: center;\">Pl\u00e1stico ABS<\/p>\n<p>[\/vc_column_text][\/vc_column][\/vc_row][vc_row css=&#8221;.vc_custom_1680713770863{margin-bottom: 80px !important;}&#8221;][vc_column][vc_btn title=&#8221;Download Datasheet&#8221; color=&#8221;blue&#8221; align=&#8221;center&#8221; link=&#8221;url:https%3A%2F%2Fusefulpercentage.com.br%2Fwp-content%2Fuploads%2F2023%2F04%2FDatasheet_WatermeterV2_pt.OD_DT.A1.pdf&#8221; css=&#8221;.vc_custom_1680716197602{margin-top: 30px !important;}&#8221;][\/vc_column][\/vc_row][vc_row css=&#8221;.vc_custom_1680713711083{background-color: #f5f5f5 !important;}&#8221;][vc_column]<div class=\"mgt-header-block clearfix text-center text-black wpb_content_element  mgt-header-block-style-1 mgt-header-texttransform-none \"><h3 class=\"mgt-header-block-title\">Caracter\u00edsticas principais<\/h3><\/div>[\/vc_column][\/vc_row][vc_row css=&#8221;.vc_custom_1680713702076{padding-top: 20px !important;padding-bottom: 20px !important;background-color: #f5f5f5 !important;}&#8221;][vc_column][vc_column_text css_animation=&#8221;bounceInLeft&#8221;]<\/p>\n<ul>\n<li>Possibilidade de integrar em v\u00e1rias plataformas: medi\u00e7\u00e3o e monitoriza\u00e7\u00e3o de \u00e1gua<\/li>\n<li>Comunica\u00e7\u00e3o por NB-IoT<\/li>\n<li>Comunica\u00e7\u00f5es sem fios do tipo RF (868 MHz) com capacidade de integra\u00e7\u00e3o na rede<\/li>\n<li>Leitura de at\u00e9 4 sensores de pulso indutivo<\/li>\n<li>Alimenta\u00e7\u00e3o a bateria (previs\u00e3o para 12 anos<\/li>\n<\/ul>\n<p>[\/vc_column_text][\/vc_column][\/vc_row][vc_row css=&#8221;.vc_custom_1680713995755{margin-top: 50px !important;}&#8221;][vc_column width=&#8221;1\/2&#8243;]<div class=\"mgt-header-block clearfix text-left text-black wpb_content_element  mgt-header-block-style-1 mgt-header-texttransform-none \"><h3 class=\"mgt-header-block-title\">Benef\u00edcios<\/h3><div class=\"mgt-header-line\"><\/div><\/div>[vc_column_text css_animation=&#8221;bounceInUp&#8221; css=&#8221;.vc_custom_1680716315206{margin-top: 25px !important;}&#8221;]<\/p>\n<ul>\n<li>Reduzir a inefici\u00eancia (perdas de \u00e1gua)<\/li>\n<li>F\u00e1cil implementa\u00e7\u00e3o e utiliza\u00e7\u00e3o<\/li>\n<li>Medi\u00e7\u00e3o remota do consumo de \u00e1gua<\/li>\n<li>Melhorar os n\u00edveis de qualidade<\/li>\n<li>Monitoriza\u00e7\u00e3o inteligente e cont\u00ednua<\/li>\n<li>Gerar retorno aos v\u00e1rios stakeholders<\/li>\n<\/ul>\n<p>[\/vc_column_text][\/vc_column][vc_column width=&#8221;1\/2&#8243;][vc_single_image image=&#8221;3566&#8243; img_size=&#8221;446&#215;257&#8243; css_animation=&#8221;zoomIn&#8221;][\/vc_column][\/vc_row]<\/p>\n<\/section>","protected":false},"excerpt":{"rendered":"<p>[vc_row css=&#8221;.vc_custom_1678801588807{background-color: #f5f5f5 !important;}&#8221;][vc_column width=&#8221;1\/2&#8243; css=&#8221;.vc_custom_1460641256688{margin-right: 0px !important;padding-right: 0px !important;}&#8221;][\/vc_column][vc_column width=&#8221;1\/2&#8243; css=&#8221;.vc_custom_1460641327282{margin-left: 0px !important;padding-left: 0px !important;}&#8221;][vc_single_image image=&#8221;3566&#8243; img_size=&#8221;446&#215;257&#8243; alignment=&#8221;center&#8221; css_animation=&#8221;bounceInRight&#8221; css=&#8221;.vc_custom_1680715928915{padding-top: 20px !important;}&#8221;][\/vc_column][\/vc_row][vc_row][vc_column][vc_empty_space height=&#8221;30px&#8221;][\/vc_column][\/vc_row][vc_row][vc_column width=&#8221;1\/2&#8243;][vc_single_image image=&#8221;3567&#8243; img_size=&#8221;250&#215;250&#8243;][\/vc_column][vc_column width=&#8221;1\/2&#8243; css=&#8221;.vc_custom_1679062157231{margin-top: 100px&#8230;<\/p>\n","protected":false},"author":1,"featured_media":0,"parent":0,"menu_order":0,"comment_status":"closed","ping_status":"closed","template":"","meta":{"two_page_speed":{"current_score":{"desktop_score":93,"desktop_tti":"1.5\u00a0","mobile_score":62,"mobile_tti":"7.6\u00a0","date":"09.04.2025 10:10:03 am","status":"completed"}},"footnotes":""},"class_list":["post-3563","page","type-page","status-publish","hentry"],"_links":{"self":[{"href":"https:\/\/usefulpercentage.com.br\/index.php\/wp-json\/wp\/v2\/pages\/3563","targetHints":{"allow":["GET"]}}],"collection":[{"href":"https:\/\/usefulpercentage.com.br\/index.php\/wp-json\/wp\/v2\/pages"}],"about":[{"href":"https:\/\/usefulpercentage.com.br\/index.php\/wp-json\/wp\/v2\/types\/page"}],"author":[{"embeddable":true,"href":"https:\/\/usefulpercentage.com.br\/index.php\/wp-json\/wp\/v2\/users\/1"}],"replies":[{"embeddable":true,"href":"https:\/\/usefulpercentage.com.br\/index.php\/wp-json\/wp\/v2\/comments?post=3563"}],"version-history":[{"count":4,"href":"https:\/\/usefulpercentage.com.br\/index.php\/wp-json\/wp\/v2\/pages\/3563\/revisions"}],"predecessor-version":[{"id":3572,"href":"https:\/\/usefulpercentage.com.br\/index.php\/wp-json\/wp\/v2\/pages\/3563\/revisions\/3572"}],"wp:attachment":[{"href":"https:\/\/usefulpercentage.com.br\/index.php\/wp-json\/wp\/v2\/media?parent=3563"}],"curies":[{"name":"wp","href":"https:\/\/api.w.org\/{rel}","templated":true}]}}