{"id":3543,"date":"2023-04-05T13:04:58","date_gmt":"2023-04-05T16:04:58","guid":{"rendered":"https:\/\/usefulpercentage.com.br\/?page_id=3543"},"modified":"2025-04-09T10:08:51","modified_gmt":"2025-04-09T13:08:51","slug":"gateway-fe","status":"publish","type":"page","link":"https:\/\/usefulpercentage.com.br\/index.php\/gateway-fe\/","title":{"rendered":"Gateway fe"},"content":{"rendered":"<section class=\"wpb-content-wrapper\"><p>[vc_row css=&#8221;.vc_custom_1678801588807{background-color: #f5f5f5 !important;}&#8221;][vc_column width=&#8221;1\/2&#8243; css=&#8221;.vc_custom_1460641256688{margin-right: 0px !important;padding-right: 0px !important;}&#8221;]<style scoped='scoped'>.mgt-promo-block-36261014417.mgt-promo-block .mgt-promo-block-content h2 {font-size: 30px;line-height: normal!important;}<\/style><div class=\"mgt-promo-block black-text text-size-normal no-darken mgt-promo-block-36261014417 wpb_content_element wpb_animate_when_almost_visible wpb_left-to-right\" data-style=\"background-color: #f5f5f5;width: 100%; height: 400px;\"><div class=\"mgt-promo-block-content\"><div class=\"mgt-promo-block-content-inside vc_custom_1680710806580\">\n<h2 style=\"text-align: left\"><span style=\"color: #333333\">Solu\u00e7\u00e3o inteligente para sua infraestrutura<\/span><\/h2>\n<p style=\"text-align: left\"><span style=\"color: #333333\">A Gateway fe foi projetado para ilumina\u00e7\u00e3o interior com novos recursos gra\u00e7as \u00e0 adi\u00e7\u00e3o de entradas. Essas entradas anal\u00f3gicas e digitais permitem a integra\u00e7\u00e3o de sensores de ilumina\u00e7\u00e3o, bot\u00f5es de emerg\u00eancia, entre outros.<\/span>\n<p style=\"text-align: left\"><span style=\"color: #333333\">A Gateway fe integra uma rede de controladores IoT e sensores nas infraestruturas existentes.<\/span>\n<p style=\"text-align: left\"><span style=\"color: #333333\">Com uma simples liga\u00e7\u00e3o Ethernet, Wi-Fi, 3G\/4G ou NB-IoT, poder\u00e1 gerir e configurar estes dispositivos.<\/span>\n<p style=\"text-align: left\"><span style=\"color: #333333\">Estes dispositivos funcionam de forma aut\u00f3noma e encontram-se sincronizados com a nossa plataforma Web Cloud e\/ou outras aplica\u00e7\u00f5es de terceiros.<\/span>\n<div class=\"mgt-button-wrapper mgt-button-wrapper-align-left mgt-button-wrapper-display-newline mgt-button-top-margin-disable\"><a class=\"btn hvr-bounce-to-right mgt-button mgt-style-solid mgt-size-normal mgt-align-left mgt-display-newline mgt-text-size-normal mgt-button-icon-position-left mgt-text-transform-uppercase \" href=\"http:\/\/wp.magnium-themes.com\/thebuilt\/thebuilt-onepage\/get-a-quote\/\">Get a quote<\/a><\/div><\/div><\/div><\/div>[\/vc_column][vc_column width=&#8221;1\/2&#8243; css=&#8221;.vc_custom_1460641327282{margin-left: 0px !important;padding-left: 0px !important;}&#8221;][vc_single_image image=&#8221;3546&#8243; img_size=&#8221;690&#215;431&#8243; alignment=&#8221;center&#8221; css_animation=&#8221;bounceInRight&#8221; css=&#8221;.vc_custom_1680710932084{padding-top: 20px !important;}&#8221;][\/vc_column][\/vc_row][vc_row][vc_column][vc_empty_space height=&#8221;30px&#8221;][\/vc_column][\/vc_row][vc_row][vc_column width=&#8221;1\/2&#8243;][vc_single_image image=&#8221;3548&#8243; img_size=&#8221;800&#215;608&#8243;][\/vc_column][vc_column width=&#8221;1\/2&#8243; css=&#8221;.vc_custom_1679062157231{margin-top: 100px !important;}&#8221;]<div class=\"mgt-header-block clearfix text-left text-black wpb_animate_when_almost_visible wpb_left-to-right wpb_content_element  mgt-header-block-style-1 mgt-header-texttransform-none  vc_custom_1680712995101\"><h3 class=\"mgt-header-block-title\">Para interconectar os pontos<\/h3><div class=\"mgt-header-line\"><\/div><\/div>[vc_column_text css_animation=&#8221;bounceInLeft&#8221;]<span style=\"color: #333333;\">A Gateway fe fornece conectividade NB-IoT full-duplex e conectividade de protocolo propriet\u00e1rio mesh Sub-1Ghz.<\/span><\/p>\n<p>Os utilizadores podem aceder \u00e0 Gateway atrav\u00e9s de Wi-Fi com seu dispositivo e utilizar a plataforma interna.[\/vc_column_text][\/vc_column][\/vc_row][vc_row][vc_column]<div class=\"mgt-header-block clearfix text-center text-black wpb_content_element  mgt-header-block-style-1 mgt-header-texttransform-none \"><h3 class=\"mgt-header-block-title\">Especifica\u00e7\u00f5es<\/h3><div class=\"mgt-header-line\"><\/div><\/div>[vc_single_image image=&#8221;3549&#8243; img_size=&#8221;1800&#215;1080&#8243;][\/vc_column][\/vc_row][vc_row css=&#8221;.vc_custom_1680705762544{margin-top: 50px !important;}&#8221;][vc_column width=&#8221;1\/5&#8243;][vc_column_text]<\/p>\n<h3 style=\"text-align: center;\"><strong>Dimens\u00f5es<\/strong><\/h3>\n<p>[\/vc_column_text][vc_column_text]<\/p>\n<p style=\"text-align: center;\">154 x 179,50 x 52 mm<\/p>\n<p>[\/vc_column_text][\/vc_column][vc_column width=&#8221;1\/5&#8243;][vc_column_text]<\/p>\n<h3 style=\"text-align: center;\"><strong>Peso<\/strong><\/h3>\n<p>[\/vc_column_text][vc_column_text]<\/p>\n<p style=\"text-align: center;\">640g<\/p>\n<p>[\/vc_column_text][\/vc_column][vc_column width=&#8221;1\/5&#8243;][vc_column_text]<\/p>\n<h3 style=\"text-align: center;\"><strong>Processador<\/strong><\/h3>\n<p>[\/vc_column_text][vc_column_text]<\/p>\n<p style=\"text-align: center;\">Quad Core 1.2GHz<\/p>\n<p>[\/vc_column_text][\/vc_column][vc_column width=&#8221;1\/5&#8243;][vc_column_text]<\/p>\n<h3 style=\"text-align: center;\"><strong>CPU<\/strong><\/h3>\n<p>[\/vc_column_text][vc_column_text]<\/p>\n<p style=\"text-align: center;\">Arquitetura do CPU de 64 Bit<\/p>\n<p>[\/vc_column_text][\/vc_column][vc_column width=&#8221;1\/5&#8243;][vc_column_text]<\/p>\n<h3 style=\"text-align: center;\"><strong>Mem\u00f3ria RAM<\/strong><\/h3>\n<p>[\/vc_column_text][vc_column_text]<\/p>\n<p style=\"text-align: center;\">2GB de RAM DDR3<\/p>\n<p>[\/vc_column_text][\/vc_column][\/vc_row][vc_row css=&#8221;.vc_custom_1680713770863{margin-bottom: 80px !important;}&#8221;][vc_column][vc_btn title=&#8221;Download Datasheet&#8221; color=&#8221;blue&#8221; align=&#8221;center&#8221; link=&#8221;url:https%3A%2F%2Fusefulpercentage.com.br%2Fwp-content%2Fuploads%2F2023%2F04%2FDatasheet_Gateway_fe_pt.A6.pdf&#8221; css=&#8221;.vc_custom_1680713567065{margin-top: 30px !important;}&#8221;][\/vc_column][\/vc_row][vc_row css=&#8221;.vc_custom_1680713711083{background-color: #f5f5f5 !important;}&#8221;][vc_column]<div class=\"mgt-header-block clearfix text-center text-black wpb_content_element  mgt-header-block-style-1 mgt-header-texttransform-none \"><h3 class=\"mgt-header-block-title\">Caracter\u00edsticas principais<\/h3><\/div>[\/vc_column][\/vc_row][vc_row css=&#8221;.vc_custom_1680713702076{padding-top: 20px !important;padding-bottom: 20px !important;background-color: #f5f5f5 !important;}&#8221;][vc_column width=&#8221;1\/2&#8243;][vc_column_text css_animation=&#8221;bounceInLeft&#8221;]<\/p>\n<ul>\n<li>Controlo remoto e monitoriza\u00e7\u00e3o em tempo real dos principais par\u00e2metros: gest\u00e3o, adi\u00e7\u00e3o e an\u00e1lise de dados.<\/li>\n<li>Solu\u00e7\u00e3o flex\u00edvel e f\u00e1cil intera\u00e7\u00e3o com diferentes topologias de redes: Star, Ring e Mesh.<\/li>\n<li>A comunica\u00e7\u00e3o segura \u00e9 fornecida por implementa\u00e7\u00f5es compat\u00edveis com o conjunto de protocolos padr\u00e3o IPSec (Internet Protocol Security) e com o IKEv2 (Internet Key Exchange Protocol vers\u00e3o 2), que permite uma comunica\u00e7\u00e3o de ponta a ponta altamente segura.<\/li>\n<\/ul>\n<p>[\/vc_column_text][\/vc_column][vc_column width=&#8221;1\/2&#8243;][vc_column_text css_animation=&#8221;bounceInLeft&#8221;]<\/p>\n<ul>\n<li>Instala\u00e7\u00e3o plug and play, apenas por conex\u00e3o de novos dispositivos finais \u00e0 nossa rede.<\/li>\n<li>Interfaces IoT: Sub-1Ghz, 6LoWPAN, NarrowBand IoT (NB-IoT).<\/li>\n<li>Interfaces abertas para compatibilidade de terceiros (API) e personaliza\u00e7\u00e3o.<\/li>\n<\/ul>\n<p>[\/vc_column_text][\/vc_column][\/vc_row][vc_row css=&#8221;.vc_custom_1680713995755{margin-top: 50px !important;}&#8221;][vc_column width=&#8221;1\/2&#8243;]<div class=\"mgt-header-block clearfix text-left text-black wpb_content_element  mgt-header-block-style-1 mgt-header-texttransform-none \"><h3 class=\"mgt-header-block-title\">Benef\u00edcios<\/h3><div class=\"mgt-header-line\"><\/div><\/div>[vc_column_text css_animation=&#8221;bounceInUp&#8221; css=&#8221;.vc_custom_1680713893534{margin-top: 25px !important;}&#8221;]<\/p>\n<ul>\n<li>Poupan\u00e7a de energia<\/li>\n<li>Redu\u00e7\u00e3o de custos de manuten\u00e7\u00e3o<\/li>\n<li>Gest\u00e3o e monitoriza\u00e7\u00e3o remota<\/li>\n<li>Plataforma sem fios para Smart Cities<\/li>\n<\/ul>\n<p>[\/vc_column_text][\/vc_column][vc_column width=&#8221;1\/2&#8243;][vc_single_image image=&#8221;3559&#8243; img_size=&#8221;500&#215;401&#8243; css_animation=&#8221;zoomIn&#8221;][\/vc_column][\/vc_row]<\/p>\n<\/section>","protected":false},"excerpt":{"rendered":"<p>[vc_row css=&#8221;.vc_custom_1678801588807{background-color: #f5f5f5 !important;}&#8221;][vc_column width=&#8221;1\/2&#8243; css=&#8221;.vc_custom_1460641256688{margin-right: 0px !important;padding-right: 0px !important;}&#8221;][\/vc_column][vc_column width=&#8221;1\/2&#8243; css=&#8221;.vc_custom_1460641327282{margin-left: 0px !important;padding-left: 0px !important;}&#8221;][vc_single_image image=&#8221;3546&#8243; img_size=&#8221;690&#215;431&#8243; alignment=&#8221;center&#8221; css_animation=&#8221;bounceInRight&#8221; css=&#8221;.vc_custom_1680710932084{padding-top: 20px !important;}&#8221;][\/vc_column][\/vc_row][vc_row][vc_column][vc_empty_space height=&#8221;30px&#8221;][\/vc_column][\/vc_row][vc_row][vc_column width=&#8221;1\/2&#8243;][vc_single_image image=&#8221;3548&#8243; img_size=&#8221;800&#215;608&#8243;][\/vc_column][vc_column width=&#8221;1\/2&#8243; css=&#8221;.vc_custom_1679062157231{margin-top: 100px&#8230;<\/p>\n","protected":false},"author":1,"featured_media":0,"parent":0,"menu_order":0,"comment_status":"closed","ping_status":"closed","template":"","meta":{"two_page_speed":{"current_score":{"desktop_score":87,"desktop_tti":"2.2\u00a0","mobile_score":59,"mobile_tti":"11.3\u00a0","date":"09.04.2025 10:09:27 am","status":"completed"}},"footnotes":""},"class_list":["post-3543","page","type-page","status-publish","hentry"],"_links":{"self":[{"href":"https:\/\/usefulpercentage.com.br\/index.php\/wp-json\/wp\/v2\/pages\/3543","targetHints":{"allow":["GET"]}}],"collection":[{"href":"https:\/\/usefulpercentage.com.br\/index.php\/wp-json\/wp\/v2\/pages"}],"about":[{"href":"https:\/\/usefulpercentage.com.br\/index.php\/wp-json\/wp\/v2\/types\/page"}],"author":[{"embeddable":true,"href":"https:\/\/usefulpercentage.com.br\/index.php\/wp-json\/wp\/v2\/users\/1"}],"replies":[{"embeddable":true,"href":"https:\/\/usefulpercentage.com.br\/index.php\/wp-json\/wp\/v2\/comments?post=3543"}],"version-history":[{"count":13,"href":"https:\/\/usefulpercentage.com.br\/index.php\/wp-json\/wp\/v2\/pages\/3543\/revisions"}],"predecessor-version":[{"id":3562,"href":"https:\/\/usefulpercentage.com.br\/index.php\/wp-json\/wp\/v2\/pages\/3543\/revisions\/3562"}],"wp:attachment":[{"href":"https:\/\/usefulpercentage.com.br\/index.php\/wp-json\/wp\/v2\/media?parent=3543"}],"curies":[{"name":"wp","href":"https:\/\/api.w.org\/{rel}","templated":true}]}}