{"id":3514,"date":"2023-03-17T10:42:37","date_gmt":"2023-03-17T13:42:37","guid":{"rendered":"https:\/\/usefulpercentage.com.br\/?page_id=3514"},"modified":"2025-04-09T10:08:01","modified_gmt":"2025-04-09T13:08:01","slug":"global-energy-meter","status":"publish","type":"page","link":"https:\/\/usefulpercentage.com.br\/index.php\/global-energy-meter\/","title":{"rendered":"Global Energy Meter"},"content":{"rendered":"<section class=\"wpb-content-wrapper\"><p>[vc_row css=&#8221;.vc_custom_1678801588807{background-color: #f5f5f5 !important;}&#8221;][vc_column width=&#8221;1\/2&#8243; css=&#8221;.vc_custom_1460641256688{margin-right: 0px !important;padding-right: 0px !important;}&#8221;]<style scoped='scoped'>.mgt-promo-block-36261014417.mgt-promo-block .mgt-promo-block-content h2 {font-size: 30px;line-height: normal!important;}<\/style><div class=\"mgt-promo-block black-text text-size-normal no-darken mgt-promo-block-36261014417 wpb_content_element wpb_animate_when_almost_visible wpb_left-to-right\" data-style=\"background-color: #f5f5f5;width: 100%; height: 400px;\"><div class=\"mgt-promo-block-content\"><div class=\"mgt-promo-block-content-inside vc_custom_1679061020987\">\n<h2 style=\"text-align: left\"><span style=\"color: #333333\">Efici\u00eancia energ\u00e9tica e monitoriza\u00e7\u00e3o remota<br \/>\n<\/span><\/h2>\n<p style=\"text-align: left\"><span style=\"color: #333333\">Com o passar do tempo, o consumo de energia ganhou import\u00e2ncia n\u00e3o apenas devido a preocupa\u00e7\u00f5es ambientais, mas tamb\u00e9m devido aos custos associados.<\/span>\n<p style=\"text-align: left\"><span style=\"color: #333333\">Nesse sentido, houve a necessidade de implementar medidas e a\u00e7\u00f5es que se traduziam em significativas poupan\u00e7as energ\u00e9ticas e econ\u00f3micas levou-nos a desenvolver o GEM, permitindo a monitoriza\u00e7\u00e3o remota de uma rede el\u00e9trica disponibilizando todo o seu consumo em tempo real atrav\u00e9s de uma interface web.<\/span>\n<div class=\"mgt-button-wrapper mgt-button-wrapper-align-left mgt-button-wrapper-display-newline mgt-button-top-margin-disable\"><a class=\"btn hvr-bounce-to-right mgt-button mgt-style-solid mgt-size-normal mgt-align-left mgt-display-newline mgt-text-size-normal mgt-button-icon-position-left mgt-text-transform-uppercase \" href=\"http:\/\/wp.magnium-themes.com\/thebuilt\/thebuilt-onepage\/get-a-quote\/\">Get a quote<\/a><\/div><\/div><\/div><\/div>[\/vc_column][vc_column width=&#8221;1\/2&#8243; css=&#8221;.vc_custom_1460641327282{margin-left: 0px !important;padding-left: 0px !important;}&#8221;][vc_single_image image=&#8221;3521&#8243; img_size=&#8221;582&#215;502&#8243; alignment=&#8221;center&#8221; css_animation=&#8221;bounceInRight&#8221; css=&#8221;.vc_custom_1679061191009{padding-top: 20px !important;}&#8221;][\/vc_column][\/vc_row][vc_row][vc_column][vc_empty_space height=&#8221;30px&#8221;][\/vc_column][\/vc_row][vc_row][vc_column width=&#8221;1\/2&#8243;][vc_single_image image=&#8221;3523&#8243; img_size=&#8221;500&#215;391&#8243;][\/vc_column][vc_column width=&#8221;1\/2&#8243; css=&#8221;.vc_custom_1679062157231{margin-top: 100px !important;}&#8221;]<div class=\"mgt-header-block clearfix text-left text-black wpb_animate_when_almost_visible wpb_left-to-right wpb_content_element  mgt-header-block-style-1 mgt-header-texttransform-none  vc_custom_1679062018477\"><h3 class=\"mgt-header-block-title\">Solu\u00e7\u00e3o sustent\u00e1vel e eficiente<\/h3><div class=\"mgt-header-line\"><\/div><\/div>[vc_column_text css_animation=&#8221;bounceInLeft&#8221;]<span style=\"color: #333333;\">O recurso a tecnologias mais eficientes permite-nos de uma forma mais sustentada e eficaz, reduzir consumos energ\u00e9ticos e detetar anomalias atrav\u00e9s de uma monitoriza\u00e7\u00e3o em tempo real, e assim estabelecer boas condutas na utiliza\u00e7\u00e3o da energia.<\/span>[\/vc_column_text][\/vc_column][\/vc_row][vc_row][vc_column][vc_separator][\/vc_column][\/vc_row][vc_row css=&#8221;.vc_custom_1679062392418{padding-top: 20px !important;padding-bottom: 20px !important;background-color: #f5f5f5 !important;}&#8221;][vc_column width=&#8221;1\/2&#8243;]<div class=\"mgt-header-block clearfix text-left text-black wpb_animate_when_almost_visible wpb_left-to-right wpb_content_element  mgt-header-block-style-1 mgt-header-texttransform-none  vc_custom_1679062244956\"><h3 class=\"mgt-header-block-title\">Funcionamento<\/h3><div class=\"mgt-header-line\"><\/div><\/div>[vc_column_text css_animation=&#8221;bounceInLeft&#8221;]<span style=\"color: #333333;\">O GEM tem como principal funcionalidade monitorizar consumos energ\u00e9ticos de circuitos trif\u00e1sicos.<\/span><\/p>\n<p><span style=\"color: #333333;\">Os dados recolhidos pelo equipamento ser\u00e3o posteriormente transportados para uma plataforma web atrav\u00e9s da liga\u00e7\u00e3o direta \u00e0 rede existente, que nos permite consult\u00e1-los, construir relat\u00f3rios e an\u00e1lises de consumos globais de uma instala\u00e7\u00e3o residencial, comercial ou industrial, e consequentemente verificar e otimizar medidas de efici\u00eancia energ\u00e9tica.<\/span>[\/vc_column_text][\/vc_column][vc_column width=&#8221;1\/2&#8243;][vc_single_image image=&#8221;3524&#8243; img_size=&#8221;500&#215;391&#8243; css_animation=&#8221;bounceInRight&#8221;][\/vc_column][\/vc_row][vc_row css=&#8221;.vc_custom_1679062532254{padding-top: 20px !important;padding-bottom: 20px !important;}&#8221;][vc_column width=&#8221;1\/2&#8243;][vc_single_image image=&#8221;3521&#8243; img_size=&#8221;582&#215;502&#8243; alignment=&#8221;center&#8221; css_animation=&#8221;bounceInRight&#8221; css=&#8221;.vc_custom_1679061191009{padding-top: 20px !important;}&#8221;][\/vc_column][vc_column width=&#8221;1\/2&#8243;]<div class=\"mgt-header-block clearfix text-left text-black wpb_animate_when_almost_visible wpb_left-to-right wpb_content_element  mgt-header-block-style-1 mgt-header-texttransform-none  vc_custom_1679062544321\"><h3 class=\"mgt-header-block-title\">Potencialidades<\/h3><div class=\"mgt-header-line\"><\/div><\/div>[vc_column_text css_animation=&#8221;bounceInLeft&#8221;]<span style=\"color: #333333;\">O GEM permite a quem gere o sistema retirar partido de uma s\u00e9rie de par\u00e2metros tais como: Otimiza\u00e7\u00e3o da energia el\u00e9trica, caracteriza\u00e7\u00e3o das cargas el\u00e9tricas da instala\u00e7\u00e3o, dete\u00e7\u00e3o de consumos an\u00f3malos (sobretens\u00f5es, subtens\u00f5es, picos de corrente), adequa\u00e7\u00e3o da pot\u00eancia contratada.<\/span>[\/vc_column_text][\/vc_column][\/vc_row][vc_row][vc_column]<div class=\"mgt-header-block clearfix text-center text-black wpb_content_element  mgt-header-block-style-1 mgt-header-texttransform-none \"><h3 class=\"mgt-header-block-title\">Especifica\u00e7\u00f5es<\/h3><div class=\"mgt-header-line\"><\/div><\/div>[vc_single_image image=&#8221;3532&#8243; img_size=&#8221;984&#215;500&#8243;][\/vc_column][\/vc_row][vc_row css=&#8221;.vc_custom_1680705762544{margin-top: 50px !important;}&#8221;][vc_column width=&#8221;1\/3&#8243;][vc_column_text]<\/p>\n<h3 style=\"text-align: center;\"><strong>Dimens\u00f5es<\/strong><\/h3>\n<p>[\/vc_column_text][vc_column_text]<\/p>\n<p style=\"text-align: center;\">106,5 x 55 x 90 mm<\/p>\n<p>[\/vc_column_text][\/vc_column][vc_column width=&#8221;1\/3&#8243;][vc_column_text]<\/p>\n<h3 style=\"text-align: center;\"><strong>Consumo<\/strong><\/h3>\n<p>[\/vc_column_text][vc_column_text]<\/p>\n<p style=\"text-align: center;\">3W<\/p>\n<p>[\/vc_column_text][\/vc_column][vc_column width=&#8221;1\/3&#8243;][vc_column_text]<\/p>\n<h3 style=\"text-align: center;\"><strong>Montagem<\/strong><\/h3>\n<p>[\/vc_column_text][vc_column_text]<\/p>\n<p style=\"text-align: center;\">Calha DIN ou Painel<\/p>\n<p>[\/vc_column_text][\/vc_column][\/vc_row][vc_row][vc_column][vc_btn title=&#8221;Download Datasheet&#8221; color=&#8221;blue&#8221; align=&#8221;center&#8221; link=&#8221;url:https%3A%2F%2Fusefulpercentage.com.br%2Fwp-content%2Fuploads%2F2023%2F04%2FDatasheet_GEM_pt.OD-FT.A3.pdf&#8221; css=&#8221;.vc_custom_1680705893560{margin-top: 30px !important;}&#8221;][\/vc_column][\/vc_row][vc_row css=&#8221;.vc_custom_1679062392418{padding-top: 20px !important;padding-bottom: 20px !important;background-color: #f5f5f5 !important;}&#8221;][vc_column width=&#8221;1\/2&#8243;]<div class=\"mgt-header-block clearfix text-left text-black wpb_animate_when_almost_visible wpb_left-to-right wpb_content_element  mgt-header-block-style-1 mgt-header-texttransform-none  vc_custom_1680706025735\"><h3 class=\"mgt-header-block-title\">Funcionalidades<\/h3><div class=\"mgt-header-line\"><\/div><\/div>[vc_column_text css_animation=&#8221;bounceInLeft&#8221;]<\/p>\n<ul>\n<li>Monitoriza\u00e7\u00e3o em tempo real<\/li>\n<li>Atualiza\u00e7\u00e3o remota de software<\/li>\n<li>Acesso Web ao equipamento<\/li>\n<li>Par\u00e2metros dispon\u00edveis em tempo-real: Tens\u00e3o instant\u00e2nea e m\u00e9dia, Corrente, Pot\u00eancia instant\u00e2nea e m\u00e9dia, Totalizador de Energia, Frequ\u00eancia e Fator de pot\u00eancia.<\/li>\n<\/ul>\n<p>[\/vc_column_text][\/vc_column][vc_column width=&#8221;1\/2&#8243;]<div class=\"mgt-header-block clearfix text-left text-black wpb_animate_when_almost_visible wpb_left-to-right wpb_content_element  mgt-header-block-style-1 mgt-header-texttransform-none  vc_custom_1680706103610\"><h3 class=\"mgt-header-block-title\">Caracter\u00edsticas<\/h3><div class=\"mgt-header-line\"><\/div><\/div>[vc_column_text css_animation=&#8221;bounceInLeft&#8221;]<\/p>\n<ul>\n<li>Visualiza\u00e7\u00e3o dos dados em tabelas e gr\u00e1ficos<\/li>\n<li>O seu hist\u00f3rico pode ser filtrado e organizado<\/li>\n<li>Exporta\u00e7\u00e3o dos dados (totalizadores, valores m\u00e9dios e instant\u00e2neos)<\/li>\n<li>Configura\u00e7\u00e3o de limites de varia\u00e7\u00e3o da tens\u00e3o e da frequ\u00eancia. Alarme quando os mesmos s\u00e3o ultrapassados<\/li>\n<li>Gest\u00e3o dos utilizadores do equipamento e perfis associados<\/li>\n<li>Para circuitos monof\u00e1sicos e trif\u00e1sicos.<\/li>\n<\/ul>\n<p>[\/vc_column_text][\/vc_column][\/vc_row][vc_row][vc_column]<div class=\"mgt-header-block clearfix text-left text-black wpb_content_element  mgt-header-block-style-1 mgt-header-texttransform-none \"><h3 class=\"mgt-header-block-title\">Benef\u00edcios<\/h3><div class=\"mgt-header-line\"><\/div><\/div>[\/vc_column][\/vc_row][vc_row][vc_column width=&#8221;1\/2&#8243;][vc_column_text css_animation=&#8221;bounceInUp&#8221; css=&#8221;.vc_custom_1680710574270{margin-top: 25px !important;}&#8221;]<\/p>\n<ul>\n<li>Poupan\u00e7as de energia<\/li>\n<li>Redu\u00e7\u00e3o do custo de manuten\u00e7\u00e3o<\/li>\n<li>Redu\u00e7\u00e3o a polui\u00e7\u00e3o luminosa e as emiss\u00f5es de CO2<\/li>\n<li>Gest\u00e3o e monitoriza\u00e7\u00e3o remota<\/li>\n<li>Plataforma sem fios<\/li>\n<\/ul>\n<p>[\/vc_column_text][\/vc_column][vc_column width=&#8221;1\/2&#8243;][vc_single_image image=&#8221;3541&#8243; img_size=&#8221;300&#215;300&#8243; css_animation=&#8221;zoomIn&#8221;][\/vc_column][\/vc_row]<\/p>\n<\/section>","protected":false},"excerpt":{"rendered":"<p>[vc_row css=&#8221;.vc_custom_1678801588807{background-color: #f5f5f5 !important;}&#8221;][vc_column width=&#8221;1\/2&#8243; css=&#8221;.vc_custom_1460641256688{margin-right: 0px !important;padding-right: 0px !important;}&#8221;][\/vc_column][vc_column width=&#8221;1\/2&#8243; css=&#8221;.vc_custom_1460641327282{margin-left: 0px !important;padding-left: 0px !important;}&#8221;][vc_single_image image=&#8221;3521&#8243; img_size=&#8221;582&#215;502&#8243; alignment=&#8221;center&#8221; css_animation=&#8221;bounceInRight&#8221; css=&#8221;.vc_custom_1679061191009{padding-top: 20px !important;}&#8221;][\/vc_column][\/vc_row][vc_row][vc_column][vc_empty_space height=&#8221;30px&#8221;][\/vc_column][\/vc_row][vc_row][vc_column width=&#8221;1\/2&#8243;][vc_single_image image=&#8221;3523&#8243; img_size=&#8221;500&#215;391&#8243;][\/vc_column][vc_column width=&#8221;1\/2&#8243; css=&#8221;.vc_custom_1679062157231{margin-top: 100px&#8230;<\/p>\n","protected":false},"author":1,"featured_media":0,"parent":0,"menu_order":0,"comment_status":"closed","ping_status":"closed","template":"","meta":{"two_page_speed":{"current_score":{"desktop_score":92,"desktop_tti":"1.7\u00a0","mobile_score":61,"mobile_tti":"9.2\u00a0","date":"09.04.2025 10:08:46 am","status":"completed"}},"footnotes":""},"class_list":["post-3514","page","type-page","status-publish","hentry"],"_links":{"self":[{"href":"https:\/\/usefulpercentage.com.br\/index.php\/wp-json\/wp\/v2\/pages\/3514","targetHints":{"allow":["GET"]}}],"collection":[{"href":"https:\/\/usefulpercentage.com.br\/index.php\/wp-json\/wp\/v2\/pages"}],"about":[{"href":"https:\/\/usefulpercentage.com.br\/index.php\/wp-json\/wp\/v2\/types\/page"}],"author":[{"embeddable":true,"href":"https:\/\/usefulpercentage.com.br\/index.php\/wp-json\/wp\/v2\/users\/1"}],"replies":[{"embeddable":true,"href":"https:\/\/usefulpercentage.com.br\/index.php\/wp-json\/wp\/v2\/comments?post=3514"}],"version-history":[{"count":12,"href":"https:\/\/usefulpercentage.com.br\/index.php\/wp-json\/wp\/v2\/pages\/3514\/revisions"}],"predecessor-version":[{"id":3542,"href":"https:\/\/usefulpercentage.com.br\/index.php\/wp-json\/wp\/v2\/pages\/3514\/revisions\/3542"}],"wp:attachment":[{"href":"https:\/\/usefulpercentage.com.br\/index.php\/wp-json\/wp\/v2\/media?parent=3514"}],"curies":[{"name":"wp","href":"https:\/\/api.w.org\/{rel}","templated":true}]}}