{"id":3156,"date":"2016-03-28T09:28:14","date_gmt":"2016-03-28T09:28:14","guid":{"rendered":"http:\/\/wp.magnium-themes.com\/thebuilt\/thebuilt-onepage\/?page_id=11"},"modified":"2025-04-09T15:21:50","modified_gmt":"2025-04-09T18:21:50","slug":"homepage","status":"publish","type":"page","link":"https:\/\/usefulpercentage.com.br\/","title":{"rendered":"Homepage"},"content":{"rendered":"<section class=\"wpb-content-wrapper\"><p>[vc_row][vc_column][rev_slider_vc alias=&#8221;thebuilt-onepage&#8221;][\/vc_column][\/vc_row][vc_row full_width=&#8221;stretch_row&#8221; parallax=&#8221;content-moving&#8221; row_onepage_id=&#8221;#quemsomos&#8221; css=&#8221;.vc_custom_1678730667293{padding-top: 80px !important;padding-bottom: 80px !important;background-image: url(https:\/\/usefulpercentage.com.br\/wp-content\/uploads\/2023\/03\/fundo5.png?id=3393) !important;background-position: 0 0;background-repeat:-repeat;}&#8221; el_id=&#8221;quemsomos&#8221;][vc_column]<div class=\"mgt-header-block clearfix text-center text-black wpb_animate_when_almost_visible wpb_appear wpb_content_element  mgt-header-block-style-1 mgt-header-texttransform-both \"><h2 class=\"mgt-header-block-title\">Quem somos<\/h2><p class=\"mgt-header-block-subtitle\">A empresa<\/p><div class=\"mgt-header-line\"><\/div><\/div>[vc_column_text css_animation=&#8221;left-to-right&#8221; css=&#8221;.vc_custom_1678725502128{margin-right: 20% !important;margin-left: 20% !important;padding-top: 15px !important;}&#8221;]<\/p>\n<p style=\"text-align: center;\"><span style=\"color: #000000;\">Fundada em 2018, a USEFUL \u00e9 uma empresa privada portuguesa, que fornece solu\u00e7\u00f5es e servi\u00e7os de software para diversos mercados, para as necessidades mais complexas, exigentes e multidisciplinares.<\/span><\/p>\n<p>[\/vc_column_text][\/vc_column][\/vc_row][vc_row full_width=&#8221;stretch_row&#8221; parallax=&#8221;content-moving&#8221; css=&#8221;.vc_custom_1678729184596{padding-top: 80px !important;padding-bottom: 80px !important;background-image: url(https:\/\/usefulpercentage.com.br\/wp-content\/uploads\/2023\/03\/fundo2.png?id=3370) !important;}&#8221;][vc_column css_animation=&#8221;bounceInLeft&#8221;]<div class=\"mgt-cta-block clearfix parallax white-text with-text no-side-paddings wpb_content_element\" data-style=\"background-color: ;\"><div class=\"mgt-button-wrapper mgt-button-wrapper-align-right mgt-button-wrapper-display-newline mgt-button-top-margin-disable\"><a class=\"btn hvr-sweep-to-bottom mgt-button mgt-style-borderedwhite mgt-size-normal mgt-align-right mgt-display-newline mgt-text-size-normal mgt-button-icon-position-left mgt-text-transform-uppercase \" href=\"#\"><i class=\"fa fa-check-square-o\"><\/i>Chama no whats<\/a><\/div><h5 class=\"mgt-cta-block-header\">Precisa de ajuda?<\/h5><div class=\"mgt-cta-block-content\">Clique no bot\u00e3o ao lado e entre em contato.<\/div><\/div>[\/vc_column][\/vc_row][vc_row row_onepage_id=&#8221;#oquefazemos&#8221; css=&#8221;.vc_custom_1678730726676{padding-top: 80px !important;}&#8221;][vc_column]<div class=\"mgt-header-block clearfix text-center text-black wpb_animate_when_almost_visible wpb_appear wpb_content_element  mgt-header-block-style-1 mgt-header-texttransform-both \"><h2 class=\"mgt-header-block-title\">O que fazemos<\/h2><div class=\"mgt-header-line\"><\/div><\/div>[vc_column_text css_animation=&#8221;left-to-right&#8221; css=&#8221;.vc_custom_1678727269073{margin-right: 20% !important;margin-left: 20% !important;padding-top: 15px !important;}&#8221;]<\/p>\n<p style=\"text-align: center;\"><span style=\"color: #000000;\">Oferecemos uma ampla gama de desenvolvimento de software e servi\u00e7os profissionais, trabalhando em estreita colabora\u00e7\u00e3o com nossos clientes e parceiros de neg\u00f3cios para criar solu\u00e7\u00f5es personalizadas sob medida, tanto em rela\u00e7\u00e3o ao nosso pr\u00f3prio software quanto a outros produtos. Em nossa estrat\u00e9gia de neg\u00f3cios combinamos consultoria, expertise e tecnologia para projetar, desenvolver e implementar, destacando-se em projetos baseados em software que agregam valor aos nossos clientes e parceiros de neg\u00f3cios.<\/span><\/p>\n<p>[\/vc_column_text][\/vc_column][\/vc_row][vc_row full_width=&#8221;stretch_row&#8221; css=&#8221;.vc_custom_1678729880981{padding-bottom: 80px !important;}&#8221;][vc_column width=&#8221;1\/4&#8243;]<div class=\"mgt-icon-box wpb_content_element wpb_animate_when_almost_visible wpb_appear mgt-icon-box-centered mgt-icon-fa text-black  vc_custom_1679057099185\"><div class=\"mgt-icon-box-icon hvr-icon-push\"><div class=\"mgt-font-icon\"><i class=\"fa fa-\"><\/i><\/div><\/div><div class=\"mgt-icon-box-content\"><h5>IOT<\/h5><\/div><div class=\"clearfix\"><\/div><\/div>[vc_single_image image=&#8221;3354&#8243; alignment=&#8221;center&#8221; css_animation=&#8221;fadeIn&#8221;][vc_btn title=&#8221;Saiba mais&#8221; style=&#8221;gradient-custom&#8221; gradient_custom_color_1=&#8221;#194775&#8243; gradient_custom_color_2=&#8221;#194775&#8243; align=&#8221;center&#8221; css_animation=&#8221;fadeIn&#8221; link=&#8221;url:https%3A%2F%2Fusefulpercentage.com.br%2Findex.php%2Fiot%2F|title:IOT&#8221;][\/vc_column][vc_column width=&#8221;1\/4&#8243;]<div class=\"mgt-icon-box wpb_content_element wpb_animate_when_almost_visible wpb_appear mgt-icon-box-centered mgt-icon-fa text-black  vc_custom_1679057127847\"><div class=\"mgt-icon-box-icon hvr-icon-push\"><div class=\"mgt-font-icon\"><i class=\"fa fa-\"><\/i><\/div><\/div><div class=\"mgt-icon-box-content\"><h5>Servi\u00e7os Profissionais<\/h5><\/div><div class=\"clearfix\"><\/div><\/div>[vc_single_image image=&#8221;3357&#8243; alignment=&#8221;center&#8221; css_animation=&#8221;fadeIn&#8221;][vc_btn title=&#8221;Saiba mais&#8221; style=&#8221;gradient-custom&#8221; gradient_custom_color_1=&#8221;#194775&#8243; gradient_custom_color_2=&#8221;#194775&#8243; align=&#8221;center&#8221; css_animation=&#8221;fadeIn&#8221; link=&#8221;url:https%3A%2F%2Fusefulpercentage.com.br%2Findex.php%2Fservicos-profissionais%2F|title:Servi%C3%A7os%20Profissionais&#8221;][\/vc_column][vc_column width=&#8221;1\/4&#8243;]<div class=\"mgt-icon-box wpb_content_element wpb_animate_when_almost_visible wpb_appear mgt-icon-box-centered mgt-icon-fa text-black  vc_custom_1679057154454\"><div class=\"mgt-icon-box-icon hvr-icon-push\"><div class=\"mgt-font-icon\"><i class=\"fa fa-\"><\/i><\/div><\/div><div class=\"mgt-icon-box-content\"><h5>Solu\u00e7\u00e3o de Neg\u00f3cio<\/h5><\/div><div class=\"clearfix\"><\/div><\/div>[vc_single_image image=&#8221;3362&#8243; alignment=&#8221;center&#8221; css_animation=&#8221;fadeIn&#8221;][vc_btn title=&#8221;Saiba mais&#8221; style=&#8221;gradient-custom&#8221; gradient_custom_color_1=&#8221;#194775&#8243; gradient_custom_color_2=&#8221;#194775&#8243; align=&#8221;center&#8221; css_animation=&#8221;fadeIn&#8221; link=&#8221;url:https%3A%2F%2Fusefulpercentage.com.br%2Findex.php%2Fsolucao-de-negocio%2F|title:Solu%C3%A7%C3%A3o%20de%20Neg%C3%B3cio&#8221;][\/vc_column][vc_column width=&#8221;1\/4&#8243;]<div class=\"mgt-icon-box wpb_content_element wpb_animate_when_almost_visible wpb_appear mgt-icon-box-centered mgt-icon-fa text-black  vc_custom_1679057201062\"><div class=\"mgt-icon-box-icon hvr-icon-push\"><div class=\"mgt-font-icon\"><i class=\"fa fa-\"><\/i><\/div><\/div><div class=\"mgt-icon-box-content\"><h5>P&amp;D<\/h5><\/div><div class=\"clearfix\"><\/div><\/div>[vc_single_image image=&#8221;3364&#8243; alignment=&#8221;center&#8221; css_animation=&#8221;fadeIn&#8221;][vc_btn title=&#8221;Saiba mais&#8221; style=&#8221;gradient-custom&#8221; gradient_custom_color_1=&#8221;#194775&#8243; gradient_custom_color_2=&#8221;#194775&#8243; align=&#8221;center&#8221; css_animation=&#8221;fadeIn&#8221;][\/vc_column][\/vc_row][vc_row full_width=&#8221;stretch_row&#8221; parallax=&#8221;content-moving&#8221; css=&#8221;.vc_custom_1678729152663{padding-top: 80px !important;padding-bottom: 80px !important;background-image: url(https:\/\/usefulpercentage.com.br\/wp-content\/uploads\/2023\/03\/fundo2.png?id=3370) !important;}&#8221;][vc_column css_animation=&#8221;bounceInLeft&#8221;]<div class=\"mgt-cta-block clearfix parallax white-text with-text no-side-paddings wpb_content_element\" data-style=\"background-color: ;\"><div class=\"mgt-button-wrapper mgt-button-wrapper-align-right mgt-button-wrapper-display-newline mgt-button-top-margin-disable\"><a class=\"btn hvr-sweep-to-bottom mgt-button mgt-style-borderedwhite mgt-size-normal mgt-align-right mgt-display-newline mgt-text-size-normal mgt-button-icon-position-left mgt-text-transform-uppercase \" href=\"#\"><i class=\"fa fa-check-square-o\"><\/i>Chama no whats<\/a><\/div><h5 class=\"mgt-cta-block-header\">Ainda com d\u00favidas?<\/h5><div class=\"mgt-cta-block-content\">Clique no bot\u00e3o ao lado e entre em contato.<\/div><\/div>[\/vc_column][\/vc_row][vc_row full_width=&#8221;stretch_row&#8221; parallax=&#8221;content-moving&#8221; row_onepage_id=&#8221;#ondestamos&#8221; css=&#8221;.vc_custom_1678730980324{padding-top: 80px !important;padding-bottom: 80px !important;background-image: url(https:\/\/usefulpercentage.com.br\/wp-content\/uploads\/2023\/03\/fundo5.png?id=3393) !important;}&#8221;][vc_column]<div class=\"mgt-header-block clearfix text-center text-black wpb_animate_when_almost_visible wpb_appear wpb_content_element  mgt-header-block-style-1 mgt-header-texttransform-both \"><h2 class=\"mgt-header-block-title\">Onde estamos<\/h2><div class=\"mgt-header-line\"><\/div><\/div>[vc_column_text css_animation=&#8221;left-to-right&#8221; css=&#8221;.vc_custom_1678732886915{margin-right: 20% !important;margin-left: 20% !important;padding-top: 15px !important;}&#8221;]<\/p>\n<p style=\"text-align: center;\"><span style=\"color: #000000;\">Nossa ambi\u00e7\u00e3o em nosso caminho para um futuro promissor e s\u00f3lido \u00e9 focada em um mercado global. Estamos empenhados em enfrentar os desafios tecnol\u00f3gicos mais exigentes do mundo.<\/span><br \/>\n<span style=\"color: #000000;\">As empresas, que operam em mercados altamente competitivos e exigentes, enfrentam desafios consider\u00e1veis em termos de redu\u00e7\u00e3o de custos, atendimento \u00e0s regulamenta\u00e7\u00f5es ambientais e tecnol\u00f3gicas e entrega de produtos e servi\u00e7os confi\u00e1veis, consistentes e rent\u00e1veis.<\/span><br \/>\n<span style=\"color: #000000;\">A USEFUL tem uma vasta experi\u00eancia em diversas \u00e1reas\/sectores, ajudando as empresas a tornarem-se mais eficientes e a melhorarem os seus resultados.<\/span>[\/vc_column_text][\/vc_column][\/vc_row][vc_row full_width=&#8221;stretch_row&#8221; row_onepage_id=&#8221;#produtos&#8221; css=&#8221;.vc_custom_1678800081366{padding-top: 80px !important;background-color: #194775 !important;}&#8221;][vc_column]<div class=\"mgt-header-block clearfix text-center text-white wpb_animate_when_almost_visible wpb_appear wpb_content_element  mgt-header-block-style-1 mgt-header-texttransform-both \"><h2 class=\"mgt-header-block-title\">Produtos<\/h2><div class=\"mgt-header-line\"><\/div><\/div>[\/vc_column][\/vc_row][vc_row full_width=&#8221;stretch_row&#8221; parallax=&#8221;content-moving&#8221; row_onepage_id=&#8221;#ondestamos&#8221; css=&#8221;.vc_custom_1678799573423{padding-bottom: 80px !important;background-color: #194775 !important;}&#8221;][vc_column width=&#8221;1\/4&#8243;][vc_cta h2=&#8221;Smartmeter&#8221; txt_align=&#8221;center&#8221; add_button=&#8221;bottom&#8221; btn_title=&#8221;Saiba mais&#8221; btn_style=&#8221;outline&#8221; btn_color=&#8221;blue&#8221; btn_align=&#8221;center&#8221; add_icon=&#8221;top&#8221; i_icon_fontawesome=&#8221;fas fa-grip-horizontal&#8221; i_color=&#8221;custom&#8221; css_animation=&#8221;bounceInUp&#8221; css=&#8221;.vc_custom_1679057366625{background-color: #ffffff !important;}&#8221; i_custom_color=&#8221;#194775&#8243; btn_link=&#8221;url:https%3A%2F%2Fusefulpercentage.com.br%2Findex.php%2Fsmartmeter%2F|title:Smartmeter&#8221;]O Smartmeter \u00e9 um equipamento que torna o contador de energia num equipamento de medi\u00e7\u00e3o inteligente, dotando-o de comunica\u00e7\u00e3o remota. Esta tecnologia permite comunica\u00e7\u00e3o, um melhor apoio \u00e0 gest\u00e3o e fornecimento de energia.[\/vc_cta][\/vc_column][vc_column width=&#8221;1\/4&#8243;][vc_cta h2=&#8221;Global Energy Meter&#8221; txt_align=&#8221;center&#8221; add_button=&#8221;bottom&#8221; btn_title=&#8221;Saiba mais&#8221; btn_style=&#8221;outline&#8221; btn_color=&#8221;blue&#8221; btn_align=&#8221;center&#8221; add_icon=&#8221;top&#8221; i_icon_fontawesome=&#8221;fas fa-grip-horizontal&#8221; i_color=&#8221;custom&#8221; css_animation=&#8221;bounceInUp&#8221; css=&#8221;.vc_custom_1679060727535{background-color: #ffffff !important;}&#8221; i_custom_color=&#8221;#194775&#8243; btn_link=&#8221;url:https%3A%2F%2Fusefulpercentage.com.br%2Findex.php%2Fglobal-energy-meter%2F|title:Global%20Energy%20Meter&#8221;]Com o passar do tempo, o consumo de energia ganhou import\u00e2ncia n\u00e3o apenas devido a preocupa\u00e7\u00f5es ambientais, mas tamb\u00e9m devido aos custos associados.[\/vc_cta][\/vc_column][vc_column width=&#8221;1\/4&#8243;][vc_cta h2=&#8221;Gateway fe&#8221; txt_align=&#8221;center&#8221; add_button=&#8221;bottom&#8221; btn_title=&#8221;Saiba mais&#8221; btn_style=&#8221;outline&#8221; btn_color=&#8221;blue&#8221; btn_align=&#8221;center&#8221; add_icon=&#8221;top&#8221; i_icon_fontawesome=&#8221;fas fa-grip-horizontal&#8221; i_color=&#8221;custom&#8221; css_animation=&#8221;bounceInUp&#8221; css=&#8221;.vc_custom_1681216567710{background-color: #ffffff !important;}&#8221; i_custom_color=&#8221;#194775&#8243; btn_link=&#8221;url:https%3A%2F%2Fusefulpercentage.com.br%2Findex.php%2Fgateway-fe%2F|title:Gateway%20fe&#8221;]A Gateway fe foi projetado para ilumina\u00e7\u00e3o interior com novos recursos gra\u00e7as \u00e0 adi\u00e7\u00e3o de entradas. Essas entradas anal\u00f3gicas e digitais permitem a integra\u00e7\u00e3o de sensores de ilumina\u00e7\u00e3o, bot\u00f5es de emerg\u00eancia, entre outros.[\/vc_cta][\/vc_column][vc_column width=&#8221;1\/4&#8243;][vc_cta h2=&#8221;Watermeter V2&#8243; txt_align=&#8221;center&#8221; add_button=&#8221;bottom&#8221; btn_title=&#8221;Saiba mais&#8221; btn_style=&#8221;outline&#8221; btn_color=&#8221;blue&#8221; btn_align=&#8221;center&#8221; add_icon=&#8221;top&#8221; i_icon_fontawesome=&#8221;fas fa-grip-horizontal&#8221; i_color=&#8221;custom&#8221; css_animation=&#8221;bounceInUp&#8221; css=&#8221;.vc_custom_1681216581499{background-color: #ffffff !important;}&#8221; i_custom_color=&#8221;#194775&#8243; btn_link=&#8221;url:https%3A%2F%2Fusefulpercentage.com.br%2Findex.php%2Fwatermeter-v2%2F|title:Watermeter%20V2&#8243;]O setor da \u00e1gua enfrenta hoje grandes desafios na melhoria do atendimento ao cliente, no refor\u00e7o da sua resili\u00eancia, e no garantir da seguran\u00e7a no fornecimento.[\/vc_cta][\/vc_column][\/vc_row][vc_row full_width=&#8221;stretch_row&#8221; parallax=&#8221;content-moving-fade&#8221; row_onepage_id=&#8221;#contato&#8221; css=&#8221;.vc_custom_1678735138970{padding-top: 150px !important;padding-bottom: 150px !important;background-image: url(https:\/\/usefulpercentage.com.br\/wp-content\/uploads\/2023\/03\/fundo4.png?id=3381) !important;background-position: center;background-repeat: no-repeat;background-size:cover;}&#8221;][vc_column width=&#8221;1\/6&#8243;][\/vc_column][vc_column width=&#8221;2\/3&#8243;]<div class=\"mgt-header-block clearfix text-center text-white wpb_animate_when_almost_visible wpb_appear wpb_content_element  mgt-header-block-style-2 mgt-header-texttransform-both  vc_custom_1679057411546\"><p class=\"mgt-header-block-subtitle\">Entre em contato para tirar suas d\u00favidas<\/p><h2 class=\"mgt-header-block-title\">Contato<\/h2><div class=\"mgt-header-line\"><\/div><\/div>[vc_column_text css_animation=&#8221;left-to-right&#8221;]<\/p>\n<p style=\"text-align: center;\"><span style=\"color: #b8b8b8;\">Se voc\u00ea deseja uma consulta gratuita, comece preenchendo o formul\u00e1rio:<\/span><\/p>\n<p>[\/vc_column_text][vc_row_inner][vc_column_inner width=&#8221;1\/3&#8243;]<div class=\"mgt-icon-box wpb_content_element wpb_animate_when_almost_visible wpb_left-to-right mgt-icon-box-right mgt-icon-fa text-white \"><div class=\"mgt-icon-box-icon hvr-icon-push\"><div class=\"mgt-font-icon\"><i class=\"fa fa-map\"><\/i><\/div><\/div><div class=\"mgt-icon-box-content\"><h5>Endere\u00e7o<\/h5>Estrada geral, 1853<br \/>\nPorto Alegre | RS<\/div><div class=\"clearfix\"><\/div><\/div>[\/vc_column_inner][vc_column_inner width=&#8221;1\/3&#8243;]<div class=\"mgt-icon-box wpb_content_element wpb_animate_when_almost_visible wpb_left-to-right mgt-icon-box-right mgt-icon-fa text-white \"><div class=\"mgt-icon-box-icon hvr-icon-push\"><div class=\"mgt-font-icon\"><i class=\"fa fa-phone\"><\/i><\/div><\/div><div class=\"mgt-icon-box-content\"><h5>Atendimento<\/h5><a href=\"tel:+5551989108537\">(51)98910-8537<\/a><br \/>\n<a href=\"mailto:contato@usefulpercentage.com\">contato@usefulpercentage.com<\/a><\/div><div class=\"clearfix\"><\/div><\/div>[\/vc_column_inner][vc_column_inner width=&#8221;1\/3&#8243;]<div class=\"mgt-icon-box wpb_content_element wpb_animate_when_almost_visible wpb_left-to-right mgt-icon-box-right mgt-icon-fa text-white \"><div class=\"mgt-icon-box-icon hvr-icon-push\"><div class=\"mgt-font-icon\"><i class=\"fa fa-clock-o\"><\/i><\/div><\/div><div class=\"mgt-icon-box-content\"><h5>Hor\u00e1rio<\/h5>Seg \u00e0 Sex 08:00 as 18:00<br \/>\nS\u00e1bado 08:00 as 12:00<\/div><div class=\"clearfix\"><\/div><\/div>[\/vc_column_inner][\/vc_row_inner]\n<div class=\"wpcf7 no-js\" id=\"wpcf7-f2935-o1\" lang=\"en-US\" dir=\"ltr\" data-wpcf7-id=\"2935\">\n<div class=\"screen-reader-response\"><p role=\"status\" aria-live=\"polite\" aria-atomic=\"true\"><\/p> <ul><\/ul><\/div>\n<form action=\"\/index.php\/wp-json\/wp\/v2\/pages\/3156#wpcf7-f2935-o1\" method=\"post\" class=\"wpcf7-form init\" aria-label=\"Contact form\" novalidate=\"novalidate\" data-status=\"init\">\n<div style=\"display: none;\">\n<input type=\"hidden\" name=\"_wpcf7\" value=\"2935\" \/>\n<input type=\"hidden\" name=\"_wpcf7_version\" value=\"6.0.6\" \/>\n<input type=\"hidden\" name=\"_wpcf7_locale\" value=\"en_US\" \/>\n<input type=\"hidden\" name=\"_wpcf7_unit_tag\" value=\"wpcf7-f2935-o1\" \/>\n<input type=\"hidden\" name=\"_wpcf7_container_post\" value=\"0\" \/>\n<input type=\"hidden\" name=\"_wpcf7_posted_data_hash\" value=\"\" \/>\n<\/div>\n<div class=\"row\">\n\t<div class=\"col-md-6\">\n\t\t<p><span class=\"wpcf7-form-control-wrap\" data-name=\"nome\"><input size=\"40\" maxlength=\"400\" class=\"wpcf7-form-control wpcf7-text wpcf7-validates-as-required\" aria-required=\"true\" aria-invalid=\"false\" placeholder=\"Nome *\" value=\"\" type=\"text\" name=\"nome\" \/><\/span>\n\t\t<\/p>\n\t\t<p><span class=\"wpcf7-form-control-wrap\" data-name=\"telefone\"><input size=\"40\" maxlength=\"400\" class=\"wpcf7-form-control wpcf7-tel wpcf7-validates-as-required wpcf7-text wpcf7-validates-as-tel\" aria-required=\"true\" aria-invalid=\"false\" placeholder=\"Telefone*\" value=\"\" type=\"tel\" name=\"telefone\" \/><\/span>\n\t\t<\/p>\n\t<\/div>\n\t<div class=\"col-md-6\">\n\t\t<p><span class=\"wpcf7-form-control-wrap\" data-name=\"assunto\"><select class=\"wpcf7-form-control wpcf7-select wpcf7-validates-as-required\" aria-required=\"true\" aria-invalid=\"false\" name=\"assunto\"><option value=\"Assunto 1\">Assunto 1<\/option><option value=\"Assunto 2\">Assunto 2<\/option><option value=\"Assunto 3\">Assunto 3<\/option><option value=\"Assunto 4\">Assunto 4<\/option><\/select><\/span>\n\t\t<\/p>\n\t\t<p><input class=\"wpcf7-form-control wpcf7-submit has-spinner\" type=\"submit\" value=\"Enviar\" \/>\n\t\t<\/p>\n\t<\/div>\n<\/div><div class=\"wpcf7-response-output\" aria-hidden=\"true\"><\/div>\n<\/form>\n<\/div>\n[\/vc_column][vc_column width=&#8221;1\/6&#8243;][\/vc_column][\/vc_row]<\/p>\n<\/section>","protected":false},"excerpt":{"rendered":"<p>[vc_row][vc_column][rev_slider_vc alias=&#8221;thebuilt-onepage&#8221;][\/vc_column][\/vc_row][vc_row full_width=&#8221;stretch_row&#8221; parallax=&#8221;content-moving&#8221; row_onepage_id=&#8221;#quemsomos&#8221; css=&#8221;.vc_custom_1678730667293{padding-top: 80px !important;padding-bottom: 80px !important;background-image: url(https:\/\/usefulpercentage.com.br\/wp-content\/uploads\/2023\/03\/fundo5.png?id=3393) !important;background-position: 0 0;background-repeat:-repeat;}&#8221; el_id=&#8221;quemsomos&#8221;][vc_column][vc_column_text css_animation=&#8221;left-to-right&#8221; css=&#8221;.vc_custom_1678725502128{margin-right: 20% !important;margin-left: 20% !important;padding-top: 15px !important;}&#8221;] Fundada em 2018, a USEFUL \u00e9 uma&#8230;<\/p>\n","protected":false},"author":1,"featured_media":0,"parent":0,"menu_order":0,"comment_status":"closed","ping_status":"closed","template":"","meta":{"two_page_speed":null,"footnotes":""},"class_list":["post-3156","page","type-page","status-publish","hentry"],"_links":{"self":[{"href":"https:\/\/usefulpercentage.com.br\/index.php\/wp-json\/wp\/v2\/pages\/3156","targetHints":{"allow":["GET"]}}],"collection":[{"href":"https:\/\/usefulpercentage.com.br\/index.php\/wp-json\/wp\/v2\/pages"}],"about":[{"href":"https:\/\/usefulpercentage.com.br\/index.php\/wp-json\/wp\/v2\/types\/page"}],"author":[{"embeddable":true,"href":"https:\/\/usefulpercentage.com.br\/index.php\/wp-json\/wp\/v2\/users\/1"}],"replies":[{"embeddable":true,"href":"https:\/\/usefulpercentage.com.br\/index.php\/wp-json\/wp\/v2\/comments?post=3156"}],"version-history":[{"count":86,"href":"https:\/\/usefulpercentage.com.br\/index.php\/wp-json\/wp\/v2\/pages\/3156\/revisions"}],"predecessor-version":[{"id":3614,"href":"https:\/\/usefulpercentage.com.br\/index.php\/wp-json\/wp\/v2\/pages\/3156\/revisions\/3614"}],"wp:attachment":[{"href":"https:\/\/usefulpercentage.com.br\/index.php\/wp-json\/wp\/v2\/media?parent=3156"}],"curies":[{"name":"wp","href":"https:\/\/api.w.org\/{rel}","templated":true}]}}