{"id":1339,"date":"2016-05-17T11:02:47","date_gmt":"2016-05-17T14:02:47","guid":{"rendered":"http:\/\/wp.magnium-themes.com\/thebuilt\/thebuilt-onepage\/?page_id=1339"},"modified":"2023-04-11T10:58:45","modified_gmt":"2023-04-11T13:58:45","slug":"iot","status":"publish","type":"page","link":"https:\/\/usefulpercentage.com.br\/index.php\/iot\/","title":{"rendered":"IOT"},"content":{"rendered":"<section class=\"wpb-content-wrapper\"><p>[vc_row equal_height=&#8221;yes&#8221; css=&#8221;.vc_custom_1463480619661{margin-bottom: 10px !important;}&#8221;][vc_column width=&#8221;1\/3&#8243; css=&#8221;.vc_custom_1459186986556{margin-right: 0px !important;padding-right: 0px !important;}&#8221;][vc_single_image image=&#8221;3587&#8243; img_size=&#8221;2560&#215;1705&#8243;][\/vc_column][vc_column width=&#8221;2\/3&#8243; css=&#8221;.vc_custom_1459186959095{margin-left: 0px !important;padding-left: 0px !important;}&#8221;]<div class=\"mgt-promo-block black-text text-color-hover-white text-size-normal no-darken mgt-promo-block-75700987093 wpb_content_element wpb_animate_when_almost_visible wpb_right-to-left\" data-style=\"width: 100%; height: 300px;\"><div class=\"mgt-promo-block-content\"><div class=\"mgt-promo-block-content-inside vc_custom_1681221160970\">O Smart Sensing \u00e9 um processo de comunica\u00e7\u00e3o altamente automatizado pelo qual as medi\u00e7\u00f5es s\u00e3o feitas e os dados s\u00e3o coletados, em pontos remotos ou inacess\u00edveis e transmitidos a uma plataforma central para monitoramento remoto central.<br \/>\nGRID Smart Connect \u00e9 a plataforma integrada de IoT, Internet of Things, da Useful para monitoramento e controle e automa\u00e7\u00e3o de uma ampla gama de equipamentos e infraestruturas, com a flexibilidade de desenvolvimento e integra\u00e7\u00e3o de requisitos funcionais que atendam \u00e0s necessidades espec\u00edficas de um setor\/ind\u00fastria e usu\u00e1rio.<\/div><\/div><\/div>[\/vc_column][\/vc_row][vc_row equal_height=&#8221;yes&#8221; content_placement=&#8221;middle&#8221; css=&#8221;.vc_custom_1463999360900{margin-right: 0px !important;margin-bottom: 30px !important;margin-left: 0px !important;padding-top: 0px !important;background-color: #f1f1f1 !important;}&#8221;][vc_column css=&#8221;.vc_custom_1463999384500{padding-right: 0px !important;padding-left: 0px !important;}&#8221;]<div class=\"mgt-promo-block black-text text-color-hover-white text-size-normal no-darken mgt-promo-block-75700987093 wpb_content_element wpb_animate_when_almost_visible wpb_right-to-left\" data-style=\"width: 100%; height: 100px;\"><div class=\"mgt-promo-block-content\"><div class=\"mgt-promo-block-content-inside vc_custom_1681221186659\">\n<p style=\"text-align: center\">A PLATAFORMA GRID OFERECE UMA ROTA R\u00c1PIDA PARA AQUELES QUE DESEJAM (E PRECISAM) ADOTAR O CONCEITO DE INTERNET DAS COISAS DEDICADA (DIOT).\n<p style=\"text-align: center\">ESCOLHENDO A PLATAFORMA DE SENSORIAMENTO INTELIGENTE CERTA\n<\/div><\/div><\/div>[\/vc_column][\/vc_row][vc_row][vc_column][vc_column_text]Uma plataforma de sensoriamento inteligente deve ser funcionalmente robusta, conectar v\u00e1rios dispositivos independentemente do local e compartilhar e processar os dados coletados com efic\u00e1cia.<\/p>\n<p>Tamb\u00e9m \u00e9 imperativo que o sistema apresente uma interface visualmente atraente que seja simples, mas sofisticada e altamente intuitiva, para que os usu\u00e1rios possam implementar facilmente a l\u00f3gica e as regras de neg\u00f3cios. A Smart Sensing Platform da GRID fornece isso em uma nuvem privada, de forma f\u00e1cil e com uma interface gr\u00e1fica intuitiva.<\/p>\n<p>As solu\u00e7\u00f5es de IoT da USEFUL se conectam aos dispositivos legados existentes hoje e se conectar\u00e3o ao que vir\u00e1 no futuro. A plataforma GRID Smart Connect IoT \u00e9 independente de dispositivo e protocolo.<br \/>\nA integra\u00e7\u00e3o de ferramentas anal\u00edticas avan\u00e7adas, GRID IoT, pode analisar e correlacionar dados e eventos e automatizar intera\u00e7\u00f5es inteligentes.<\/p>\n<p><strong>CADEIA DE VALOR DA IOT<\/strong><\/p>\n<p>A IoT possui uma cadeia de valor muito complexa devido ao fato de impactar um grande n\u00famero de processos. Abaixo est\u00e1 a vers\u00e3o simplificada da cadeia de valor listando as principais atividades em cada componente da cadeia de valor a ser considerada no neg\u00f3cio IoT Grid Smart Connect Platform.[\/vc_column_text][\/vc_column][\/vc_row]<\/p>\n<\/section>","protected":false},"excerpt":{"rendered":"<p>[vc_row equal_height=&#8221;yes&#8221; css=&#8221;.vc_custom_1463480619661{margin-bottom: 10px !important;}&#8221;][vc_column width=&#8221;1\/3&#8243; css=&#8221;.vc_custom_1459186986556{margin-right: 0px !important;padding-right: 0px !important;}&#8221;][vc_single_image image=&#8221;3587&#8243; img_size=&#8221;2560&#215;1705&#8243;][\/vc_column][vc_column width=&#8221;2\/3&#8243; css=&#8221;.vc_custom_1459186959095{margin-left: 0px !important;padding-left: 0px !important;}&#8221;][\/vc_column][\/vc_row][vc_row equal_height=&#8221;yes&#8221; content_placement=&#8221;middle&#8221; css=&#8221;.vc_custom_1463999360900{margin-right: 0px !important;margin-bottom: 30px !important;margin-left: 0px !important;padding-top: 0px !important;background-color:&#8230;<\/p>\n","protected":false},"author":1,"featured_media":0,"parent":0,"menu_order":0,"comment_status":"closed","ping_status":"closed","template":"","meta":{"two_page_speed":[],"footnotes":""},"class_list":["post-1339","page","type-page","status-publish","hentry"],"_links":{"self":[{"href":"https:\/\/usefulpercentage.com.br\/index.php\/wp-json\/wp\/v2\/pages\/1339","targetHints":{"allow":["GET"]}}],"collection":[{"href":"https:\/\/usefulpercentage.com.br\/index.php\/wp-json\/wp\/v2\/pages"}],"about":[{"href":"https:\/\/usefulpercentage.com.br\/index.php\/wp-json\/wp\/v2\/types\/page"}],"author":[{"embeddable":true,"href":"https:\/\/usefulpercentage.com.br\/index.php\/wp-json\/wp\/v2\/users\/1"}],"replies":[{"embeddable":true,"href":"https:\/\/usefulpercentage.com.br\/index.php\/wp-json\/wp\/v2\/comments?post=1339"}],"version-history":[{"count":17,"href":"https:\/\/usefulpercentage.com.br\/index.php\/wp-json\/wp\/v2\/pages\/1339\/revisions"}],"predecessor-version":[{"id":3600,"href":"https:\/\/usefulpercentage.com.br\/index.php\/wp-json\/wp\/v2\/pages\/1339\/revisions\/3600"}],"wp:attachment":[{"href":"https:\/\/usefulpercentage.com.br\/index.php\/wp-json\/wp\/v2\/media?parent=1339"}],"curies":[{"name":"wp","href":"https:\/\/api.w.org\/{rel}","templated":true}]}}